{"id":2299,"date":"2025-09-30T23:09:22","date_gmt":"2025-09-30T21:09:22","guid":{"rendered":"https:\/\/studioculto.cz\/?page_id=2299"},"modified":"2025-10-05T12:18:17","modified_gmt":"2025-10-05T10:18:17","slug":"designblok","status":"publish","type":"page","link":"https:\/\/studioculto.cz\/en\/designblok\/","title":{"rendered":"Designblok"},"content":{"rendered":"\n<div class=\"wp-block-cover alignfull nomargin is-cropping\" style=\"padding-top:var(--wp--preset--spacing--20);padding-right:0;padding-bottom:var(--wp--preset--spacing--20);padding-left:0\"><img loading=\"lazy\" decoding=\"async\" width=\"2133\" height=\"2560\" class=\"wp-block-cover__image-background wp-image-2331 size-large\" alt=\"\" src=\"https:\/\/studioculto.cz\/wp-content\/uploads\/2025\/09\/crop-0-0-2133-2560-0-Cult_CMYK-scaled.jpg\" style=\"object-position:50% 85%\" data-object-fit=\"cover\" data-object-position=\"50% 85%\" srcset=\"https:\/\/studioculto.cz\/wp-content\/uploads\/2025\/09\/crop-0-0-2133-2560-0-Cult_CMYK-scaled.jpg 2133w, https:\/\/studioculto.cz\/wp-content\/uploads\/2025\/09\/crop-0-0-2133-2560-0-Cult_CMYK-scaled-250x300.jpg 250w, https:\/\/studioculto.cz\/wp-content\/uploads\/2025\/09\/crop-0-0-2133-2560-0-Cult_CMYK-scaled-853x1024.jpg 853w, https:\/\/studioculto.cz\/wp-content\/uploads\/2025\/09\/crop-0-0-2133-2560-0-Cult_CMYK-scaled-768x922.jpg 768w, https:\/\/studioculto.cz\/wp-content\/uploads\/2025\/09\/crop-0-0-2133-2560-0-Cult_CMYK-scaled-1280x1536.jpg 1280w, https:\/\/studioculto.cz\/wp-content\/uploads\/2025\/09\/crop-0-0-2133-2560-0-Cult_CMYK-scaled-1706x2048.jpg 1706w, https:\/\/studioculto.cz\/wp-content\/uploads\/2025\/09\/crop-0-0-2133-2560-0-Cult_CMYK-scaled-10x12.jpg 10w, https:\/\/studioculto.cz\/wp-content\/uploads\/2025\/09\/crop-0-0-2133-2560-0-Cult_CMYK-scaled-300x360.jpg 300w, https:\/\/studioculto.cz\/wp-content\/uploads\/2025\/09\/crop-0-0-2133-2560-0-Cult_CMYK-scaled-600x720.jpg 600w, https:\/\/studioculto.cz\/wp-content\/uploads\/2025\/09\/crop-0-0-2133-2560-0-Cult_CMYK-scaled-100x120.jpg 100w\" sizes=\"auto, (max-width: 2133px) 100vw, 2133px\" \/><span aria-hidden=\"true\" class=\"wp-block-cover__background has-background-dim-20 has-background-dim\" style=\"background-color:#5f5553\"><\/span><div class=\"wp-block-cover__inner-container is-layout-constrained wp-container-core-cover-is-layout-c2a26cda wp-block-cover-is-layout-constrained\">\n<h1 class=\"wp-block-heading has-text-align-center coblocks-animate\" style=\"padding-top:var(--wp--preset--spacing--70);padding-bottom:var(--wp--preset--spacing--70)\" data-coblocks-animation=\"fadeIn\">Culto nen\u00ed n\u00e1bytek. Je to syst\u00e9m. Tvoje h\u0159i\u0161t\u011b.<\/h1>\n\n\n\n<p class=\"has-text-align-center has-background coblocks-animate\" style=\"background-color:#0000002b;padding-bottom:var(--wp--preset--spacing--20)\" data-coblocks-animation=\"fadeIn\">CULTO vzniklo z odvahy posunout beton na hranu mo\u017enost\u00ed a z t\u011b\u017ek\u00e9ho stavebn\u00edho materi\u00e1lu vytvo\u0159it interi\u00e9rov\u00fd artefakt. Odleh\u010den\u00e9 betonov\u00e9 bloky, chytr\u00e9 spoje a konfigur\u00e1tor d\u00e1vaj\u00ed svobodu tvo\u0159it prostor podle sebe.<\/p>\n\n\n\n<div class=\"wp-block-columns alignwide has-background coblocks-animate is-layout-flex wp-container-core-columns-is-layout-fe847a89 wp-block-columns-is-layout-flex\" style=\"background-color:#ffffff00;padding-top:var(--wp--preset--spacing--50);padding-right:var(--wp--preset--spacing--50);padding-bottom:var(--wp--preset--spacing--50);padding-left:var(--wp--preset--spacing--50)\" data-coblocks-animation=\"fadeIn\">\n<div class=\"wp-block-column is-layout-flow wp-block-column-is-layout-flow\" style=\"flex-basis:30%\"><\/div>\n\n\n\n<div class=\"wp-block-column has-quaternary-background-color has-background is-layout-flow wp-block-column-is-layout-flow\" style=\"padding-top:var(--wp--preset--spacing--40);padding-right:var(--wp--preset--spacing--40);padding-bottom:var(--wp--preset--spacing--40);padding-left:var(--wp--preset--spacing--40);flex-basis:60%\">\n<p class=\"has-text-align-center has-primary-color has-text-color has-link-color has-large-font-size wp-elements-62382d2d5fa7dae5a3d2a471887dbd51\">Bu\u010f u zrodu. Nenech si uj\u00edt start v\u00fdroby. P\u0159idej se na waiting list a d\u00e1me ti v\u011bd\u011bt jako prvn\u00edmu.<\/p>\n\n\n<style id=\"wpforms-css-vars-2375-block-a6bc08a4-161b-4f1f-8aa2-264c0287ced4\">\n\t\t\t\t#wpforms-2375.wpforms-block-a6bc08a4-161b-4f1f-8aa2-264c0287ced4 {\n\t\t\t\t--wpforms-button-border-radius: 40px;\n--wpforms-button-background-color: rgb(0,0,0);\n--wpforms-field-size-input-height: 43px;\n--wpforms-field-size-input-spacing: 15px;\n--wpforms-field-size-font-size: 16px;\n--wpforms-field-size-line-height: 19px;\n--wpforms-field-size-padding-h: 14px;\n--wpforms-field-size-checkbox-size: 16px;\n--wpforms-field-size-sublabel-spacing: 5px;\n--wpforms-field-size-icon-size: 1;\n--wpforms-label-size-font-size: 16px;\n--wpforms-label-size-line-height: 19px;\n--wpforms-label-size-sublabel-font-size: 14px;\n--wpforms-label-size-sublabel-line-height: 17px;\n--wpforms-button-size-font-size: 20px;\n--wpforms-button-size-height: 48px;\n--wpforms-button-size-padding-h: 20px;\n--wpforms-button-size-margin-top: 15px;\n--wpforms-container-shadow-size-box-shadow: none;\n\t\t\t}\n\t\t\t<\/style><div class=\"wpforms-container wpforms-container-full wpforms-block wpforms-block-a6bc08a4-161b-4f1f-8aa2-264c0287ced4 wpforms-render-modern\" id=\"wpforms-2375\"><form id=\"wpforms-form-2375\" class=\"wpforms-validate wpforms-form wpforms-ajax-form\" data-formid=\"2375\" method=\"post\" enctype=\"multipart\/form-data\" action=\"\/en\/wp-json\/wp\/v2\/pages\/2299\" data-token=\"0967ab99e9b18f734f99f2df3bb89bbe\" data-token-time=\"1777659948\"><noscript class=\"wpforms-error-noscript\">Please enable JavaScript in your browser to complete this form.<\/noscript><div id=\"wpforms-error-noscript\" style=\"display: none;\">Please enable JavaScript in your browser to complete this form.<\/div><div class=\"wpforms-field-container\">\t\t<div id=\"wpforms-2375-field_3-container\"\n\t\t\tclass=\"wpforms-field wpforms-field-text\"\n\t\t\tdata-field-type=\"text\"\n\t\t\tdata-field-id=\"3\"\n\t\t\t>\n\t\t\t<label class=\"wpforms-field-label\" for=\"wpforms-2375-field_3\" >e-mail pol\u00ed\u010dka V\u00e1\u0161<\/label>\n\t\t\t<input type=\"text\" id=\"wpforms-2375-field_3\" class=\"wpforms-field-medium\" name=\"wpforms[fields][3]\" >\n\t\t<\/div>\n\t\t<div id=\"wpforms-2375-field_1-container\" class=\"wpforms-field wpforms-field-email\" data-field-id=\"1\"><label class=\"wpforms-field-label\" for=\"wpforms-2375-field_1\">V\u00e1\u0161 e-mail <span class=\"wpforms-required-label\" aria-hidden=\"true\">*<\/span><\/label><input type=\"email\" id=\"wpforms-2375-field_1\" class=\"wpforms-field-large wpforms-field-required\" name=\"wpforms[fields][1]\" spellcheck=\"false\" aria-errormessage=\"wpforms-2375-field_1-error\" required><\/div><div id=\"wpforms-2375-field_2-container\" class=\"wpforms-field wpforms-field-checkbox\" data-field-id=\"2\"><fieldset><legend class=\"wpforms-field-label wpforms-label-hide\" aria-hidden=\"false\">Za\u0161krt\u00e1vac\u00ed pol\u00ed\u010dka<\/legend><ul id=\"wpforms-2375-field_2\"><li class=\"choice-1 depth-1\"><input type=\"checkbox\" id=\"wpforms-2375-field_2_1\" name=\"wpforms[fields][2][]\" value=\"Souhlas\u00edm se zas\u00edl\u00e1n\u00edm i dal\u0161\u00edch marketingov\u00fdch sd\u011blen\u00ed z CULTO\" aria-errormessage=\"wpforms-2375-field_2_1-error\"  ><label class=\"wpforms-field-label-inline\" for=\"wpforms-2375-field_2_1\">Souhlas\u00edm se zas\u00edl\u00e1n\u00edm i dal\u0161\u00edch marketingov\u00fdch sd\u011blen\u00ed z CULTO<\/label><\/li><\/ul><\/fieldset><\/div><script>\n\t\t\t\t( function() {\n\t\t\t\t\tconst style = document.createElement( 'style' );\n\t\t\t\t\tstyle.appendChild( document.createTextNode( '#wpforms-2375-field_3-container { position: absolute !important; overflow: hidden !important; display: inline !important; height: 1px !important; width: 1px !important; z-index: -1000 !important; padding: 0 !important; } #wpforms-2375-field_3-container input { visibility: hidden; } #wpforms-conversational-form-page #wpforms-2375-field_3-container label { counter-increment: none; }' ) );\n\t\t\t\t\tdocument.head.appendChild( style );\n\t\t\t\t\tdocument.currentScript?.remove();\n\t\t\t\t} )();\n\t\t\t<\/script><\/div><!-- .wpforms-field-container --><div class=\"wpforms-recaptcha-container wpforms-is-hcaptcha\" ><div class=\"h-captcha\" data-sitekey=\"10306ce8-ce26-4ae6-aca8-9d484a90eda2\"><\/div><input type=\"text\" name=\"g-recaptcha-hidden\" class=\"wpforms-recaptcha-hidden\" style=\"position:absolute!important;clip:rect(0,0,0,0)!important;height:1px!important;width:1px!important;border:0!important;overflow:hidden!important;padding:0!important;margin:0!important;\" data-rule-hcaptcha=\"1\"><\/div><div class=\"wpforms-submit-container\" ><input type=\"hidden\" name=\"wpforms[id]\" value=\"2375\"><input type=\"hidden\" name=\"page_title\" value=\"\"><input type=\"hidden\" name=\"page_url\" value=\"https:\/\/studioculto.cz\/en\/wp-json\/wp\/v2\/pages\/2299\"><input type=\"hidden\" name=\"url_referer\" value=\"\"><button type=\"submit\" name=\"wpforms[submit]\" id=\"wpforms-submit-2375\" class=\"wpforms-submit\" data-alt-text=\"Odes\u00edl\u00e1ni...\" data-submit-text=\"P\u0159ihl\u00e1sit se na waiting-list \u2192\" aria-live=\"assertive\" value=\"wpforms-submit\">P\u0159ihl\u00e1sit se na waiting-list \u2192<\/button><img loading=\"lazy\" decoding=\"async\" src=\"https:\/\/studioculto.cz\/wp-content\/plugins\/wpforms\/assets\/images\/submit-spin.svg\" class=\"wpforms-submit-spinner\" style=\"display: none;\" width=\"26\" height=\"26\" alt=\"Loading\"><\/div><\/form><\/div>  <!-- .wpforms-container --><\/div>\n\n\n\n<div class=\"wp-block-column is-layout-flow wp-block-column-is-layout-flow\" style=\"flex-basis:30%\"><\/div>\n<\/div>\n\n\n<div class=\"n2_clear\"><ss3-force-full-width data-overflow-x=\"body\" data-horizontal-selector=\"body\"><div class=\"n2-section-smartslider fitvidsignore  n2_clear\" data-ssid=\"30\" tabindex=\"0\" role=\"region\" aria-label=\"Slider\"><div id=\"n2-ss-30-align\" class=\"n2-ss-align\"><div class=\"n2-padding\"><div id=\"n2-ss-30\" data-creator=\"Smart Slider 3\" data-responsive=\"fullwidth\" class=\"n2-ss-slider n2-ow n2-has-hover n2notransition  \">\n        <div class=\"n2-ss-slider-1 n2-ow\">\n            <div class=\"n2-ss-slider-2 n2-ow\">\n                <div class=\"n2-ss-slide-backgrounds n2-ow-all\"><div class=\"n2-ss-slide-background\" data-public-id=\"1\" data-mode=\"fill\"><div data-color=\"RGBA(255,255,255,0)\" style=\"background-color: RGBA(255,255,255,0);\" class=\"n2-ss-slide-background-color\"><\/div><\/div><\/div>                <div class=\"n2-ss-slider-3 n2-ow\">\n                    <svg xmlns=\"http:\/\/www.w3.org\/2000\/svg\" viewBox=\"0 0 1200 200\" data-related-device=\"desktopPortrait\" class=\"n2-ow n2-ss-preserve-size n2-ss-preserve-size--slider n2-ss-slide-limiter\"><\/svg><div data-first=\"1\" data-slide-duration=\"0\" data-id=\"104\" data-slide-public-id=\"1\" data-title=\"Static overlay\" class=\"n2-ss-slide n2-ow  n2-ss-slide-104\"><div role=\"note\" class=\"n2-ss-slide--focus\" tabindex=\"-1\">Static overlay<\/div><div class=\"n2-ss-layers-container n2-ss-slide-limiter n2-ow\"><div class=\"n2-ss-layer n2-ow n-uc-tz8x7vQ0C0Kx\" data-sstype=\"slide\" data-pm=\"default\"><div class=\"n2-ss-layer n2-ow n-uc-RKU0l7OOEsM1\" data-pm=\"default\" data-sstype=\"content\" data-hasbackground=\"0\"><div class=\"n2-ss-section-main-content n2-ss-layer-with-background n2-ss-layer-content n2-ow n-uc-RKU0l7OOEsM1-inner\"><div class=\"n2-ss-layer n2-ow n2-ss-layer--block n2-ss-has-self-align n-uc-16a39bc88c7df\" data-pm=\"normal\" data-sstype=\"row\"><div class=\"n2-ss-layer-row n2-ss-layer-with-background n-uc-16a39bc88c7df-inner\"><div class=\"n2-ss-layer-row-inner \"><div class=\"n2-ss-layer n2-ow n-uc-1193c78dd9cfe\" data-pm=\"default\" data-sstype=\"col\"><div class=\"n2-ss-layer-col n2-ss-layer-with-background n2-ss-layer-content n-uc-1193c78dd9cfe-inner\"><div class=\"n2-ss-layer n2-ow n-uc-AzmIqsPWQjZu\" data-pm=\"normal\" data-sstype=\"layer\"><\/div><div class=\"n2-ss-layer n2-ow n-uc-9A6AUC1y340z\" data-pm=\"normal\" data-sstype=\"layer\"><div id=\"n2-ss-30item2\" class=\"n2-font-2c090facace165bcc69e256a2cd247ae-hover   n2-ss-item-content n2-ss-text n2-ow\" style=\"display:block;\">Odleh\u010den\u00e1<\/div><\/div><div class=\"n2-ss-layer n2-ow n-uc-ACPRbqp2qALE\" data-pm=\"normal\" data-sstype=\"layer\"><div class=\"n2-ss-item-content n2-ss-text n2-ow-all\"><div class=\"\"><p class=\"n2-font-9df1cd7415b0e66340a2159bf6aa0eba-paragraph   \">Lehk\u00e1, ale odoln\u00e1<\/p>\n<\/div><\/div><\/div><\/div><\/div><div class=\"n2-ss-layer n2-ow n-uc-137663c8f8814\" data-pm=\"default\" data-sstype=\"col\"><div class=\"n2-ss-layer-col n2-ss-layer-with-background n2-ss-layer-content n-uc-137663c8f8814-inner\"><div class=\"n2-ss-layer n2-ow n-uc-VdslfbiJ9yF6\" data-pm=\"normal\" data-sstype=\"layer\"><\/div><div class=\"n2-ss-layer n2-ow n-uc-Xv7KPh7KmNhL\" data-pm=\"normal\" data-sstype=\"layer\"><div id=\"n2-ss-30item5\" class=\"n2-font-2c090facace165bcc69e256a2cd247ae-hover   n2-ss-item-content n2-ss-text n2-ow\" style=\"display:block;\">Udr\u017eiteln\u00e1<\/div><\/div><div class=\"n2-ss-layer n2-ow n-uc-sJxyrRgNbepO\" data-pm=\"normal\" data-sstype=\"layer\"><div class=\"n2-ss-item-content n2-ss-text n2-ow-all\"><div class=\"\"><p class=\"n2-font-9df1cd7415b0e66340a2159bf6aa0eba-paragraph   \">A\u017e 70 % recykl\u00e1tu<\/p>\n<\/div><\/div><\/div><\/div><\/div><div class=\"n2-ss-layer n2-ow n-uc-1d1e82343f1e5\" data-pm=\"default\" data-sstype=\"col\"><div class=\"n2-ss-layer-col n2-ss-layer-with-background n2-ss-layer-content n-uc-1d1e82343f1e5-inner\"><div class=\"n2-ss-layer n2-ow n-uc-wqQQOc0i92T9\" data-pm=\"normal\" data-sstype=\"layer\"><\/div><div class=\"n2-ss-layer n2-ow n-uc-0TVpHffkBPyf\" data-pm=\"normal\" data-sstype=\"layer\"><div id=\"n2-ss-30item8\" class=\"n2-font-2c090facace165bcc69e256a2cd247ae-hover   n2-ss-item-content n2-ss-text n2-ow\" style=\"display:block;\">Praktick\u00e1<\/div><\/div><div class=\"n2-ss-layer n2-ow n-uc-cVWtGUxJrBMX\" data-pm=\"normal\" data-sstype=\"layer\"><div class=\"n2-ss-item-content n2-ss-text n2-ow-all\"><div class=\"\"><p class=\"n2-font-9df1cd7415b0e66340a2159bf6aa0eba-paragraph   \">Mont\u00e1\u017e za minuty i opakovan\u011b<\/p>\n<\/div><\/div><\/div><\/div><\/div><div class=\"n2-ss-layer n2-ow n-uc-17cef9cfdec84\" data-pm=\"default\" data-sstype=\"col\"><div class=\"n2-ss-layer-col n2-ss-layer-with-background n2-ss-layer-content n-uc-17cef9cfdec84-inner\"><div class=\"n2-ss-layer n2-ow n-uc-Itfv5Kb71lRN\" data-pm=\"normal\" data-sstype=\"layer\"><\/div><div class=\"n2-ss-layer n2-ow n-uc-LjlhmsbXHblJ\" data-pm=\"normal\" data-sstype=\"layer\"><div id=\"n2-ss-30item11\" class=\"n2-font-2c090facace165bcc69e256a2cd247ae-hover   n2-ss-item-content n2-ss-text n2-ow\" style=\"display:block;\">Hrav\u00e1<\/div><\/div><div class=\"n2-ss-layer n2-ow n-uc-UYTVSl8aP3gi\" data-pm=\"normal\" data-sstype=\"layer\"><div class=\"n2-ss-item-content n2-ss-text n2-ow-all\"><div class=\"\"><p class=\"n2-font-9df1cd7415b0e66340a2159bf6aa0eba-paragraph   \">Nekone\u010dn\u011b variabiln\u00e1<\/p>\n<\/div><\/div><\/div><\/div><\/div><\/div><\/div><\/div><\/div><\/div><\/div><\/div><\/div>                <\/div>\n                            <\/div>\n        <\/div>\n        <\/div><ss3-loader><\/ss3-loader><\/div><\/div><div class=\"n2_clear\"><\/div><\/div><\/ss3-force-full-width><\/div><\/div><\/div>\n\n\n\n<div class=\"wp-block-columns alignfull nomargin has-background is-layout-flex wp-container-core-columns-is-layout-9d6595d7 wp-block-columns-is-layout-flex\" style=\"background-color:#d9d9d9\">\n<div class=\"wp-block-column is-vertically-aligned-center is-layout-flow wp-block-column-is-layout-flow\" style=\"padding-top:var(--wp--preset--spacing--50);padding-bottom:var(--wp--preset--spacing--50)\"><div class=\"wp-block-image wp-duotone-rgb000-rgb000-1\">\n<figure class=\"aligncenter size-full is-resized coblocks-animate\" data-coblocks-animation=\"fadeIn\"><img loading=\"lazy\" decoding=\"async\" width=\"600\" height=\"135\" src=\"https:\/\/78o.a14.myftpupload.com\/wp-content\/uploads\/2023\/08\/cropped-cropped-CULTO_LOGO_w-1.png\" alt=\"\" class=\"wp-image-677\" style=\"aspect-ratio:4.444444444444445;width:138px;height:auto\" srcset=\"https:\/\/studioculto.cz\/wp-content\/uploads\/2023\/08\/cropped-cropped-CULTO_LOGO_w-1.png 600w, https:\/\/studioculto.cz\/wp-content\/uploads\/2023\/08\/cropped-cropped-CULTO_LOGO_w-1-300x68.png 300w, https:\/\/studioculto.cz\/wp-content\/uploads\/2023\/08\/cropped-cropped-CULTO_LOGO_w-1-18x4.png 18w, https:\/\/studioculto.cz\/wp-content\/uploads\/2023\/08\/cropped-cropped-CULTO_LOGO_w-1-100x23.png 100w\" sizes=\"auto, (max-width: 600px) 100vw, 600px\" \/><\/figure>\n<\/div><\/div>\n\n\n\n<div class=\"wp-block-column is-vertically-aligned-center is-layout-flow wp-block-column-is-layout-flow\"><div class=\"wp-block-coblocks-social wp-block-coblocks-social-profiles is-style-circular has-text-align-center has-background has-button-size-med\" style=\"background-color:#d9d9d9\"><ul><li><a href=\"https:\/\/www.instagram.com\/studio_culto\" title=\"Instagram\" class=\"wp-block-button__link wp-block-coblocks-social__button wp-block-coblocks-social__button--instagram has--background-color has-text-color has-primary-color has-padding\" style=\"background-color:#cbcbcb;padding:16px;border-radius:40px\"><span class=\"wp-block-coblocks-social__icon\" style=\"height:22px;width:22px\"><\/span><span class=\"wp-block-coblocks-social__text\">Instagram<\/span><\/a><\/li><li><a href=\"http:\/\/linkedin.com\/company\/studio-culto\" title=\"Linkedin\" class=\"wp-block-button__link wp-block-coblocks-social__button wp-block-coblocks-social__button--linkedin has--background-color has-text-color has-primary-color has-padding\" style=\"background-color:#cbcbcb;padding:16px;border-radius:40px\"><span class=\"wp-block-coblocks-social__icon\" style=\"height:22px;width:22px\"><\/span><span class=\"wp-block-coblocks-social__text\">Linkedin<\/span><\/a><\/li><\/ul><\/div>\n\n\n<p class=\"has-text-align-center has-primary-color has-text-color coblocks-animate has-custom-transform\" data-coblocks-animation=\"fadeIn\" style=\"text-transform:uppercase\">Your home. Your cult.<\/p>\n<\/div>\n\n\n\n<div class=\"wp-block-column is-vertically-aligned-center is-layout-flow wp-block-column-is-layout-flow\">\n<p class=\"has-text-align-center has-tertiary-color has-text-color coblocks-animate\" style=\"font-size:16px\" data-coblocks-animation=\"fadeIn\"><\/p>\n<\/div>\n<\/div>\n","protected":false},"excerpt":{"rendered":"","protected":false},"author":2,"featured_media":0,"parent":0,"menu_order":0,"comment_status":"closed","ping_status":"closed","template":"","meta":{"_eb_attr":"","_coblocks_attr":"","_coblocks_dimensions":"{\"coblocks-hero-830232123370\":{\"padding\":{}}}","_coblocks_responsive_height":"","_coblocks_accordion_ie_support":"","hide_page_title":"enabled","footnotes":""},"class_list":["post-2299","page","type-page","status-publish","hentry"],"aioseo_notices":[],"_links":{"self":[{"href":"https:\/\/studioculto.cz\/en\/wp-json\/wp\/v2\/pages\/2299","targetHints":{"allow":["GET"]}}],"collection":[{"href":"https:\/\/studioculto.cz\/en\/wp-json\/wp\/v2\/pages"}],"about":[{"href":"https:\/\/studioculto.cz\/en\/wp-json\/wp\/v2\/types\/page"}],"author":[{"embeddable":true,"href":"https:\/\/studioculto.cz\/en\/wp-json\/wp\/v2\/users\/2"}],"replies":[{"embeddable":true,"href":"https:\/\/studioculto.cz\/en\/wp-json\/wp\/v2\/comments?post=2299"}],"version-history":[{"count":35,"href":"https:\/\/studioculto.cz\/en\/wp-json\/wp\/v2\/pages\/2299\/revisions"}],"predecessor-version":[{"id":2529,"href":"https:\/\/studioculto.cz\/en\/wp-json\/wp\/v2\/pages\/2299\/revisions\/2529"}],"wp:attachment":[{"href":"https:\/\/studioculto.cz\/en\/wp-json\/wp\/v2\/media?parent=2299"}],"curies":[{"name":"wp","href":"https:\/\/api.w.org\/{rel}","templated":true}]}}