{"id":2027,"date":"2025-09-07T11:55:26","date_gmt":"2025-09-07T09:55:26","guid":{"rendered":"https:\/\/studioculto.cz\/?page_id=2027"},"modified":"2025-09-08T21:30:05","modified_gmt":"2025-09-08T19:30:05","slug":"waiting-list","status":"publish","type":"page","link":"https:\/\/studioculto.cz\/en\/waiting-list\/","title":{"rendered":"Waiting-list"},"content":{"rendered":"\n<div class=\"wp-block-columns alignfull nomargintopbottom is-layout-flex wp-container-core-columns-is-layout-9d6595d7 wp-block-columns-is-layout-flex\">\n<div class=\"wp-block-column is-vertically-aligned-center is-layout-flow wp-block-column-is-layout-flow\">\n<figure class=\"wp-block-image alignfull size-full coblocks-animate\" data-coblocks-animation=\"fadeIn\"><img decoding=\"async\" src=\"https:\/\/78o.a14.myftpupload.com\/wp-content\/uploads\/2025\/08\/culto-waiting-list.png\" alt=\"\" class=\"wp-image-2787\"\/><\/figure>\n<\/div>\n\n\n\n<div class=\"wp-block-column is-vertically-aligned-center has-tertiary-background-color has-background is-layout-flow wp-block-column-is-layout-flow\" style=\"padding-top:5rem;padding-right:5rem;padding-bottom:5rem;padding-left:5rem\">\n<p class=\"wp-block-coblocks-highlight coblocks-animate wp-elements-69e8dc5ad611a2f05176709ce1b0f930\" style=\"font-size:60px;letter-spacing:0px;text-align:left\" data-coblocks-animation=\"fadeIn\"><mark class=\"wp-block-coblocks-highlight__content has-quaternary-color has-text-color has-background has-link-color\" style=\"background-color:#61a78d\">CULTO waiting-list<\/mark><\/p>\n\n\n\n<p class=\"has-text-align-left coblocks-animate\" style=\"padding-right:0;padding-bottom:var(--wp--preset--spacing--40);padding-left:0;font-size:20px\" data-coblocks-animation=\"slideInBottom\">Nenech si uj\u00edt mo\u017enost vyzkou\u0161et si nakonfigurovat sv\u00e9 vlastn\u00ed CULTO mezi prvn\u00edmi. <\/p>\n\n\n\n<p class=\"has-text-align-left coblocks-animate\" style=\"padding-right:0;padding-bottom:var(--wp--preset--spacing--40);padding-left:0;font-size:20px\" data-coblocks-animation=\"slideInBottom\">Nech n\u00e1m na sebe kontakt a d\u00e1me ti v\u011bd\u011bt, a\u017e spust\u00edme v\u00fdrobu.<\/p>\n\n\n<style id=\"wpforms-css-vars-2029-block-0c7c8217-4fb4-4adb-90f4-81073d24ac58\">\n\t\t\t\t#wpforms-2029.wpforms-block-0c7c8217-4fb4-4adb-90f4-81073d24ac58 {\n\t\t\t\t--wpforms-button-background-color: rgb(0,0,0);\n--wpforms-button-border-radius: 40px;\n--wpforms-field-size-input-height: 43px;\n--wpforms-field-size-input-spacing: 15px;\n--wpforms-field-size-font-size: 16px;\n--wpforms-field-size-line-height: 19px;\n--wpforms-field-size-padding-h: 14px;\n--wpforms-field-size-checkbox-size: 16px;\n--wpforms-field-size-sublabel-spacing: 5px;\n--wpforms-field-size-icon-size: 1;\n--wpforms-label-size-font-size: 16px;\n--wpforms-label-size-line-height: 19px;\n--wpforms-label-size-sublabel-font-size: 14px;\n--wpforms-label-size-sublabel-line-height: 17px;\n--wpforms-button-size-font-size: 20px;\n--wpforms-button-size-height: 48px;\n--wpforms-button-size-padding-h: 20px;\n--wpforms-button-size-margin-top: 15px;\n--wpforms-container-shadow-size-box-shadow: none;\n\t\t\t}\n\t\t\t<\/style><div class=\"wpforms-container wpforms-container-full wpforms-block wpforms-block-0c7c8217-4fb4-4adb-90f4-81073d24ac58 wpforms-render-modern\" id=\"wpforms-2029\"><form id=\"wpforms-form-2029\" class=\"wpforms-validate wpforms-form wpforms-ajax-form\" data-formid=\"2029\" method=\"post\" enctype=\"multipart\/form-data\" action=\"\/en\/wp-json\/wp\/v2\/pages\/2027\" data-token=\"63bae9ee7159a8c7b5cab75dc646fce4\" data-token-time=\"1777541858\"><noscript class=\"wpforms-error-noscript\">Please enable JavaScript in your browser to complete this form.<\/noscript><div id=\"wpforms-error-noscript\" style=\"display: none;\">Please enable JavaScript in your browser to complete this form.<\/div><div class=\"wpforms-field-container\">\t\t<div id=\"wpforms-2029-field_3-container\"\n\t\t\tclass=\"wpforms-field wpforms-field-text\"\n\t\t\tdata-field-type=\"text\"\n\t\t\tdata-field-id=\"3\"\n\t\t\t>\n\t\t\t<label class=\"wpforms-field-label\" for=\"wpforms-2029-field_3\" >V\u00e1\u0161 Za\u0161krt\u00e1vac\u00ed pol\u00ed\u010dka<\/label>\n\t\t\t<input type=\"text\" id=\"wpforms-2029-field_3\" class=\"wpforms-field-medium\" name=\"wpforms[fields][3]\" >\n\t\t<\/div>\n\t\t<div id=\"wpforms-2029-field_1-container\" class=\"wpforms-field wpforms-field-email\" data-field-id=\"1\"><label class=\"wpforms-field-label\" for=\"wpforms-2029-field_1\">V\u00e1\u0161 e-mail <span class=\"wpforms-required-label\" aria-hidden=\"true\">*<\/span><\/label><input type=\"email\" id=\"wpforms-2029-field_1\" class=\"wpforms-field-medium wpforms-field-required\" name=\"wpforms[fields][1]\" spellcheck=\"false\" aria-errormessage=\"wpforms-2029-field_1-error\" required><\/div><div id=\"wpforms-2029-field_2-container\" class=\"wpforms-field wpforms-field-checkbox\" data-field-id=\"2\"><fieldset><legend class=\"wpforms-field-label wpforms-label-hide\" aria-hidden=\"false\">Za\u0161krt\u00e1vac\u00ed pol\u00ed\u010dka<\/legend><ul id=\"wpforms-2029-field_2\"><li class=\"choice-1 depth-1\"><input type=\"checkbox\" id=\"wpforms-2029-field_2_1\" name=\"wpforms[fields][2][]\" value=\"Souhlas\u00edm se zas\u00edl\u00e1n\u00edm i dal\u0161\u00edch marketingov\u00fdch sd\u011blen\u00ed z CULTO\" aria-errormessage=\"wpforms-2029-field_2_1-error\"  ><label class=\"wpforms-field-label-inline\" for=\"wpforms-2029-field_2_1\">Souhlas\u00edm se zas\u00edl\u00e1n\u00edm i dal\u0161\u00edch marketingov\u00fdch sd\u011blen\u00ed z CULTO<\/label><\/li><\/ul><\/fieldset><\/div><script>\n\t\t\t\t( function() {\n\t\t\t\t\tconst style = document.createElement( 'style' );\n\t\t\t\t\tstyle.appendChild( document.createTextNode( '#wpforms-2029-field_3-container { position: absolute !important; overflow: hidden !important; display: inline !important; height: 1px !important; width: 1px !important; z-index: -1000 !important; padding: 0 !important; } #wpforms-2029-field_3-container input { visibility: hidden; } #wpforms-conversational-form-page #wpforms-2029-field_3-container label { counter-increment: none; }' ) );\n\t\t\t\t\tdocument.head.appendChild( style );\n\t\t\t\t\tdocument.currentScript?.remove();\n\t\t\t\t} )();\n\t\t\t<\/script><\/div><!-- .wpforms-field-container --><div class=\"wpforms-recaptcha-container wpforms-is-hcaptcha\" ><div class=\"h-captcha\" data-sitekey=\"10306ce8-ce26-4ae6-aca8-9d484a90eda2\"><\/div><input type=\"text\" name=\"g-recaptcha-hidden\" class=\"wpforms-recaptcha-hidden\" style=\"position:absolute!important;clip:rect(0,0,0,0)!important;height:1px!important;width:1px!important;border:0!important;overflow:hidden!important;padding:0!important;margin:0!important;\" data-rule-hcaptcha=\"1\"><\/div><div class=\"wpforms-submit-container\" ><input type=\"hidden\" name=\"wpforms[id]\" value=\"2029\"><input type=\"hidden\" name=\"page_title\" value=\"\"><input type=\"hidden\" name=\"page_url\" value=\"https:\/\/studioculto.cz\/en\/wp-json\/wp\/v2\/pages\/2027\"><input type=\"hidden\" name=\"url_referer\" value=\"\"><button type=\"submit\" name=\"wpforms[submit]\" id=\"wpforms-submit-2029\" class=\"wpforms-submit\" data-alt-text=\"Odes\u00edl\u00e1ni...\" data-submit-text=\"P\u0159ihl\u00e1sit se na waiting-list \u2192\" aria-live=\"assertive\" value=\"wpforms-submit\">P\u0159ihl\u00e1sit se na waiting-list \u2192<\/button><img loading=\"lazy\" decoding=\"async\" src=\"https:\/\/studioculto.cz\/wp-content\/plugins\/wpforms\/assets\/images\/submit-spin.svg\" class=\"wpforms-submit-spinner\" style=\"display: none;\" width=\"26\" height=\"26\" alt=\"Loading\"><\/div><\/form><\/div>  <!-- .wpforms-container --><\/div>\n<\/div>\n\n\n\n<div class=\"wp-block-boldblocks-svg-block alignfull nomargin svg-b-1 sm-svg-justify-alignment\"><div class=\"wp-block-boldblocks-svg-block__inner sm-svg-width\"><svg xmlns=\"http:\/\/www.w3.org\/2000\/svg\" xml:space=\"preserve\" width=\"100%\" height=\"100%\" version=\"1.1\" style=\"clip-rule:evenodd;fill-rule:evenodd;shape-rendering:geometricprecision;text-rendering:geometricprecision\" viewBox=\"0 0 59113.18 7411\" xmlns:xlink=\"http:\/\/www.w3.org\/1999\/xlink\">\n <defs>\n  <style type=\"text\/css\">\n   \n    .str0 {stroke:#CCCCCC;stroke-width:20;stroke-miterlimit:22.9256}\n    .str1 {stroke:#E6E6E6;stroke-width:20;stroke-miterlimit:22.9256}\n    .fil4 {fill:none}\n    .fil3 {fill:#4D69A3}\n    .fil2 {fill:#5BA388}\n    .fil1 {fill:#E5CFCA}\n    .fil5 {fill:#E6E6E6}\n    .fil0 {fill:#FBFBF7}\n   \n  <\/style>\n <\/defs>\n <g id=\"Vrstva_x0020_1\">\n  <metadata id=\"CorelCorpID_0Corel-Layer\"><\/metadata>\n  <polygon class=\"fil0\" points=\"29559.19,2485.47 31977.37,2485.47 31977.37,7421.57 29559.19,7421.57\"><\/polygon>\n  <rect class=\"fil1\" x=\"41821.49\" y=\"2.89\" width=\"4950.57\" height=\"2495.03\"><\/rect>\n  <rect class=\"fil2\" x=\"56620.12\" y=\"2.89\" width=\"2484.06\" height=\"2492.41\"><\/rect>\n  <rect class=\"fil3\" x=\"27089.08\" y=\"2.89\" width=\"2460.97\" height=\"2501.98\"><\/rect>\n  <rect class=\"fil2\" x=\"-9.68\" y=\"2509.66\" width=\"2460.97\" height=\"4904.22\"><\/rect>\n  <line class=\"fil4 str0\" x1=\"29554.51\" y1=\"2.9\" x2=\"29554.66\" y2=\"7413.9\"><\/line>\n  <line class=\"fil4 str0\" x1=\"46767.63\" y1=\"7413.9\" x2=\"46766.2\" y2=\"2.9\"><\/line>\n  <rect class=\"fil5 str1\" x=\"56640.12\" y=\"2506.65\" width=\"2460.97\" height=\"4907.24\"><\/rect>\n  <line class=\"fil4 str0\" x1=\"41821.49\" y1=\"2.9\" x2=\"41821.64\" y2=\"7421.52\"><\/line>\n  <line class=\"fil4 str0\" x1=\"22120.89\" y1=\"19.52\" x2=\"22121.04\" y2=\"7421.58\"><\/line>\n  <line class=\"fil4 str0\" x1=\"2450\" y1=\"2.03\" x2=\"2450.15\" y2=\"7424.18\"><\/line>\n  <line class=\"fil4 str0\" x1=\"12290.45\" y1=\"11.9\" x2=\"12290.6\" y2=\"7421.61\"><\/line>\n  <line class=\"fil4 str0\" x1=\"27089.05\" y1=\"2.9\" x2=\"27089.2\" y2=\"7421.56\"><\/line>\n  <line class=\"fil4 str0\" x1=\"31981.04\" y1=\"2.9\" x2=\"31981.19\" y2=\"7413.9\"><\/line>\n  <line class=\"fil4 str0\" x1=\"51651.93\" y1=\"2506.67\" x2=\"51652.08\" y2=\"7413.9\"><\/line>\n  <line class=\"fil4 str0\" x1=\"56620.09\" y1=\"2.9\" x2=\"56620.24\" y2=\"7413.9\"><\/line>\n  <line class=\"fil4 str0\" x1=\"-29.9\" y1=\"2506.8\" x2=\"59124.07\" y2=\"2506.65\"><\/line>\n  <rect class=\"fil4 str0\" x=\"-9\" y=\"2.89\" width=\"59113.2\" height=\"7411\"><\/rect>\n <\/g>\n<\/svg><\/div><\/div>\n\n\n\n<div class=\"wp-block-columns alignfull nomargin has-background is-layout-flex wp-container-core-columns-is-layout-9d6595d7 wp-block-columns-is-layout-flex\" style=\"background-color:#d9d9d9\">\n<div class=\"wp-block-column is-vertically-aligned-center is-layout-flow wp-block-column-is-layout-flow\" style=\"padding-top:var(--wp--preset--spacing--50);padding-bottom:var(--wp--preset--spacing--50)\"><div class=\"wp-block-image wp-duotone-rgb000-rgb000-2\">\n<figure class=\"aligncenter size-full is-resized coblocks-animate\" data-coblocks-animation=\"fadeIn\"><img loading=\"lazy\" decoding=\"async\" width=\"600\" height=\"135\" src=\"https:\/\/78o.a14.myftpupload.com\/wp-content\/uploads\/2023\/08\/cropped-cropped-CULTO_LOGO_w-1.png\" alt=\"\" class=\"wp-image-677\" style=\"aspect-ratio:4.444444444444445;width:138px;height:auto\" srcset=\"https:\/\/studioculto.cz\/wp-content\/uploads\/2023\/08\/cropped-cropped-CULTO_LOGO_w-1.png 600w, https:\/\/studioculto.cz\/wp-content\/uploads\/2023\/08\/cropped-cropped-CULTO_LOGO_w-1-300x68.png 300w, https:\/\/studioculto.cz\/wp-content\/uploads\/2023\/08\/cropped-cropped-CULTO_LOGO_w-1-18x4.png 18w, https:\/\/studioculto.cz\/wp-content\/uploads\/2023\/08\/cropped-cropped-CULTO_LOGO_w-1-100x23.png 100w\" sizes=\"auto, (max-width: 600px) 100vw, 600px\" \/><\/figure>\n<\/div><\/div>\n\n\n\n<div class=\"wp-block-column is-vertically-aligned-center is-layout-flow wp-block-column-is-layout-flow\"><div class=\"wp-block-coblocks-social wp-block-coblocks-social-profiles is-style-circular has-text-align-center has-background has-button-size-med\" style=\"background-color:#d9d9d9\"><ul><li><a href=\"https:\/\/www.instagram.com\/studio_culto\" title=\"Instagram\" class=\"wp-block-button__link wp-block-coblocks-social__button wp-block-coblocks-social__button--instagram has--background-color has-text-color has-primary-color has-padding\" style=\"background-color:#cbcbcb;padding:16px;border-radius:40px\"><span class=\"wp-block-coblocks-social__icon\" style=\"height:22px;width:22px\"><\/span><span class=\"wp-block-coblocks-social__text\">Instagram<\/span><\/a><\/li><li><a href=\"http:\/\/linkedin.com\/company\/studio-culto\" title=\"Linkedin\" class=\"wp-block-button__link wp-block-coblocks-social__button wp-block-coblocks-social__button--linkedin has--background-color has-text-color has-primary-color has-padding\" style=\"background-color:#cbcbcb;padding:16px;border-radius:40px\"><span class=\"wp-block-coblocks-social__icon\" style=\"height:22px;width:22px\"><\/span><span class=\"wp-block-coblocks-social__text\">Linkedin<\/span><\/a><\/li><\/ul><\/div>\n\n\n<p class=\"has-text-align-center has-primary-color has-text-color coblocks-animate has-custom-transform\" data-coblocks-animation=\"fadeIn\" style=\"text-transform:uppercase\">Your home. Your cult.<\/p>\n<\/div>\n\n\n\n<div class=\"wp-block-column is-vertically-aligned-center is-layout-flow wp-block-column-is-layout-flow\">\n<p class=\"has-text-align-center has-tertiary-color has-text-color coblocks-animate\" style=\"font-size:16px\" data-coblocks-animation=\"fadeIn\"><\/p>\n<\/div>\n<\/div>\n","protected":false},"excerpt":{"rendered":"<p>Nenech si uj\u00edt mo\u017enost vyzkou\u0161et si nakonfigurovat sv\u00e9 vlastn\u00ed CULTO mezi prvn\u00edmi. Nech n\u00e1m na sebe kontakt a d\u00e1me ti v\u011bd\u011bt, a\u017e spust\u00edme v\u00fdrobu.<\/p>","protected":false},"author":1,"featured_media":0,"parent":0,"menu_order":0,"comment_status":"closed","ping_status":"closed","template":"","meta":{"_eb_attr":"","_coblocks_attr":"","_coblocks_dimensions":"","_coblocks_responsive_height":"","_coblocks_accordion_ie_support":"","hide_page_title":"enabled","footnotes":""},"class_list":["post-2027","page","type-page","status-publish","hentry"],"aioseo_notices":[],"_links":{"self":[{"href":"https:\/\/studioculto.cz\/en\/wp-json\/wp\/v2\/pages\/2027","targetHints":{"allow":["GET"]}}],"collection":[{"href":"https:\/\/studioculto.cz\/en\/wp-json\/wp\/v2\/pages"}],"about":[{"href":"https:\/\/studioculto.cz\/en\/wp-json\/wp\/v2\/types\/page"}],"author":[{"embeddable":true,"href":"https:\/\/studioculto.cz\/en\/wp-json\/wp\/v2\/users\/1"}],"replies":[{"embeddable":true,"href":"https:\/\/studioculto.cz\/en\/wp-json\/wp\/v2\/comments?post=2027"}],"version-history":[{"count":14,"href":"https:\/\/studioculto.cz\/en\/wp-json\/wp\/v2\/pages\/2027\/revisions"}],"predecessor-version":[{"id":2074,"href":"https:\/\/studioculto.cz\/en\/wp-json\/wp\/v2\/pages\/2027\/revisions\/2074"}],"wp:attachment":[{"href":"https:\/\/studioculto.cz\/en\/wp-json\/wp\/v2\/media?parent=2027"}],"curies":[{"name":"wp","href":"https:\/\/api.w.org\/{rel}","templated":true}]}}